{"id":100,"date":"2022-08-27T13:23:47","date_gmt":"2022-08-27T13:23:47","guid":{"rendered":"https:\/\/digitalsensor.hu\/?page_id=100"},"modified":"2022-08-27T14:49:09","modified_gmt":"2022-08-27T14:49:09","slug":"bemutatkozas-2","status":"publish","type":"page","link":"https:\/\/digitalsensor.hu\/index.php\/bemutatkozas-2\/","title":{"rendered":"Bemutatkoz\u00e1s"},"content":{"rendered":"\n<p><strong>Tisztelt L\u00e1togat\u00f3ink, \u00dcgyfeleink!<\/strong><\/p>\n\n\n\n<p>A Digital Sensor Biztons\u00e1gtechnikai Bt. 2008-ban alakult. A c\u00e9g vezet\u0151je t\u00f6bb mint 25 \u00e9v biztons\u00e1gtechnik\u00e1ban elt\u00f6lt\u00f6tt tapasztalata alapj\u00e1n szolg\u00e1lja \u00fcgyfelei \u00e9rdekeit, biztons\u00e1gi rendszerek tervez\u00e9se, kivitelez\u00e9se \u00e9s karbantart\u00e1sa ter\u00e9n.<\/p>\n\n\n\n<p>Teljes k\u00f6r\u0171 megold\u00e1sokat k\u00edn\u00e1lunk:<\/p>\n\n\n\n<ul class=\"wp-block-list\"><li><strong>riaszt\u00f3 rendszerek<\/strong><\/li><li><strong>kamera&nbsp; rendszerek<\/strong><\/li><li><strong>t\u0171zjelz\u0151 rendszerek<\/strong><\/li><li>&nbsp;<strong>bel\u00e9ptet\u0151 rendszer\u00adek<\/strong>&nbsp;&nbsp;<\/li><li><strong>kaputechnika <\/strong>ter\u00fclet\u00e9n.<\/li><\/ul>\n\n\n\n<p>V\u00e1llaljuk ezek tervez\u00e9s\u00e9t, kivitelez\u00e9s\u00e9t, karbantart\u00e1s\u00e1t \u00e9s jav\u00edt\u00e1s\u00e1t.<\/p>\n\n\n\n<p><strong>\u00dczletpolitik\u00e1nk<\/strong><strong>: Biztons\u00e1gtechnik\u00e1ban a min\u0151s\u00e9get szabad k\u00e9pviselni, ez\u00e9rt mindig igyeksz\u00fcnk megkeresni azokat a technikai eszk\u00f6z\u00f6ket, melyek min\u0151s\u00e9gben a <\/strong><strong>legmegfelel\u0151bbek <\/strong><strong>megrendel\u0151inknek.<\/strong><\/p>\n\n\n\n<p>A biztons\u00e1gtechnikai rendszer valamennyi elem\u00e9re 12 havi garanci\u00e1t biztos\u00edtunk, amely teljes k\u00f6r\u0171 karbantart\u00e1si meg\u00e1llapod\u00e1s eset\u00e9n 36 h\u00f3nap id\u0151tartamra m\u00f3dosul.<\/p>\n\n\n\n<p>A fenti tev\u00e9kenys\u00e9gek kifog\u00e1stalan elv\u00e9gz\u00e9s\u00e9hez elengedhetetlen m\u0171szaki ismeretekkel, sz\u00fcks\u00e9ges hat\u00f3s\u00e1gi enged\u00e9lyekkel, valamint felel\u0151ss\u00e9g biztos\u00edt\u00e1ssal rendelkez\u00fcnk.<\/p>\n\n\n\n<p><strong>C\u00e9g\u00fcnk&nbsp;n\u00e9gy alappill\u00e9re<\/strong>: pontoss\u00e1g, szakszer\u0171s\u00e9g, megb\u00edzhat\u00f3s\u00e1g \u00e9s min\u0151s\u00e9gi munkav\u00e9gz\u00e9s!<\/p>\n\n\n\n<p>Legyen megb\u00edzhat\u00f3 a technika, a kivitelez\u00e9s \u00e9s a garanci\u00e1lis h\u00e1tt\u00e9r.<\/p>\n\n\n\n<p><strong>Referenci\u00e1nk<\/strong>:<\/p>\n\n\n\n<p>Nagyr\u00e9szt mag\u00e1nszem\u00e9ly megrendel\u0151kb\u0151l \u00e1ll, akikn\u00e9l nem csup\u00e1n telep\u00edt\u00e9st v\u00e9gezt\u00fcnk, hanem karbantart\u00e1si \u00e9s szervizel\u00e9si munk\u00e1kat is.<\/p>\n\n\n\n<p>Referenci\u00e1nk m\u00e1sik r\u00e9sze, c\u00e9gek vagyonv\u00e9delmi teljes k\u00f6r\u0171 ig\u00e9nyeinek kiel\u00e9g\u00edt\u00e9se, riaszt\u00f3k, bel\u00e9ptet\u0151 \u00e9s kamera rendszereinek telep\u00edt\u00e9se, valamint azok karbantart\u00e1sa.<\/p>\n\n\n\n<p>B\u00edzunk benne, felkeltett\u00fck \u00e9rdekl\u0151d\u00e9s\u00e9t.&nbsp;<\/p>\n\n\n\n<p>K\u00e9rj\u00fck, tekintse meg honlapunkat!&nbsp;<\/p>\n\n\n\n<p><strong>J\u00f3 b\u00f6ng\u00e9sz\u00e9st k\u00edv\u00e1nunk!<\/strong><\/p>\n","protected":false},"excerpt":{"rendered":"<p>Tisztelt L\u00e1togat\u00f3ink, \u00dcgyfeleink! A Digital Sensor Biztons\u00e1gtechnikai Bt. 2008-ban alakult. A c\u00e9g vezet\u0151je t\u00f6bb mint 25 \u00e9v biztons\u00e1gtechnik\u00e1ban elt\u00f6lt\u00f6tt tapasztalata alapj\u00e1n szolg\u00e1lja \u00fcgyfelei \u00e9rdekeit, biztons\u00e1gi rendszerek tervez\u00e9se, kivitelez\u00e9se \u00e9s karbantart\u00e1sa ter\u00e9n. Teljes k\u00f6r\u0171 megold\u00e1sokat k\u00edn\u00e1lunk: riaszt\u00f3 rendszerek kamera&nbsp; rendszerek t\u0171zjelz\u0151 &hellip; <a href=\"https:\/\/digitalsensor.hu\/index.php\/bemutatkozas-2\/\">Egy kattint\u00e1s ide a folytat\u00e1shoz&#8230;. <span class=\"meta-nav\">&rarr;<\/span><\/a><\/p>\n","protected":false},"author":1,"featured_media":0,"parent":0,"menu_order":0,"comment_status":"closed","ping_status":"closed","template":"","meta":{"footnotes":""},"class_list":["post-100","page","type-page","status-publish","hentry"],"_links":{"self":[{"href":"https:\/\/digitalsensor.hu\/index.php\/wp-json\/wp\/v2\/pages\/100","targetHints":{"allow":["GET"]}}],"collection":[{"href":"https:\/\/digitalsensor.hu\/index.php\/wp-json\/wp\/v2\/pages"}],"about":[{"href":"https:\/\/digitalsensor.hu\/index.php\/wp-json\/wp\/v2\/types\/page"}],"author":[{"embeddable":true,"href":"https:\/\/digitalsensor.hu\/index.php\/wp-json\/wp\/v2\/users\/1"}],"replies":[{"embeddable":true,"href":"https:\/\/digitalsensor.hu\/index.php\/wp-json\/wp\/v2\/comments?post=100"}],"version-history":[{"count":2,"href":"https:\/\/digitalsensor.hu\/index.php\/wp-json\/wp\/v2\/pages\/100\/revisions"}],"predecessor-version":[{"id":136,"href":"https:\/\/digitalsensor.hu\/index.php\/wp-json\/wp\/v2\/pages\/100\/revisions\/136"}],"wp:attachment":[{"href":"https:\/\/digitalsensor.hu\/index.php\/wp-json\/wp\/v2\/media?parent=100"}],"curies":[{"name":"wp","href":"https:\/\/api.w.org\/{rel}","templated":true}]}}