{"id":101,"date":"2022-08-27T13:23:48","date_gmt":"2022-08-27T13:23:48","guid":{"rendered":"https:\/\/digitalsensor.hu\/?page_id=101"},"modified":"2023-05-15T14:42:08","modified_gmt":"2023-05-15T14:42:08","slug":"riasztorendszerek","status":"publish","type":"page","link":"https:\/\/digitalsensor.hu\/index.php\/riasztorendszerek\/","title":{"rendered":"Riaszt\u00f3rendszerek"},"content":{"rendered":"\n<figure class=\"wp-block-image size-full is-resized\"><img loading=\"lazy\" decoding=\"async\" src=\"https:\/\/digitalsensor.hu\/wp-content\/uploads\/2022\/08\/dsc_logo.jpg\" alt=\"\" class=\"wp-image-12\" width=\"252\" height=\"71\"\/><\/figure>\n\n\n\n A DSC riaszt\u00f3 rendszer az egyik legjobb v\u00e1laszt\u00e1s a biztons\u00e1gi ig\u00e9nyek kiel\u00e9g\u00edt\u00e9s\u00e9re. A rendszer kiv\u00e1l\u00f3 min\u0151s\u00e9g\u0171 technol\u00f3gi\u00e1t haszn\u00e1l, amely biztos\u00edtja, hogy otthona mindig biztons\u00e1gban legyen. A DSC riaszt\u00f3 rendszer m\u0171k\u00f6d\u00e9se rendk\u00edv\u00fcl egyszer\u0171 \u00e9s hat\u00e9kony. A rendszer \u00e9rz\u00e9kel\u0151i \u00e9rz\u00e9kelik a mozg\u00e1st, a bejut\u00e1st, a t\u0171z- \u00e9s f\u00fcstvesz\u00e9lyt, \u00e9s azonnal riaszt\u00e1st adnak. A rendszer a legmodernebb technol\u00f3gi\u00e1val van felszerelve, amely lehet\u0151v\u00e9 teszi a t\u00e1voli hozz\u00e1f\u00e9r\u00e9st, \u00edgy t\u00e1volr\u00f3l is ellen\u0151rizheti az otthon\u00e1t. A DSC riaszt\u00f3 rendszer el\u0151nyei k\u00f6z\u00e9 tartozik a k\u00f6nny\u0171 telep\u00edt\u00e9s, a megb\u00edzhat\u00f3 \u00e9s hat\u00e9kony m\u0171k\u00f6d\u00e9s, valamint a rendszer sokoldal\u00fas\u00e1ga. A rendszer alkalmazkodik az \u00d6n ig\u00e9nyeihez, \u00e9s a legjobb v\u00e9delmet ny\u00fajtja otthona, irod\u00e1ja vagy \u00fczlete sz\u00e1m\u00e1ra. A DSC riaszt\u00f3 rendszer felhaszn\u00e1l\u00e1si esetei sz\u00e9les k\u00f6r\u0171ek. A rendszer ide\u00e1lis otthoni vagy kisv\u00e1llalkoz\u00e1si felhaszn\u00e1l\u00e1sra, azonban nagyobb c\u00e9gek \u00e9s int\u00e9zm\u00e9nyek sz\u00e1m\u00e1ra is kiv\u00e1l\u00f3 megold\u00e1st jelent. A rendszer a biztons\u00e1gi ig\u00e9nyek teljes k\u00f6r\u00e9t kiel\u00e9g\u00edti, \u00e9s lehet\u0151v\u00e9 teszi, hogy b\u00e1rmikor nyugodtan aludjon vagy t\u00e1vol legyen otthon\u00e1t\u00f3l, mert tudja, hogy a DSC riaszt\u00f3 rendszer mindig figyel. Ha szeretn\u00e9 megv\u00e9deni otthon\u00e1t vagy \u00fczlet\u00e9t a legjobb riaszt\u00f3rendszerrel, akkor a DSC riaszt\u00f3 rendszert aj\u00e1nljuk \u00d6nnek!\n\n\n\n<figure class=\"wp-block-image size-full\"><img loading=\"lazy\" decoding=\"async\" width=\"390\" height=\"208\" src=\"https:\/\/digitalsensor.hu\/wp-content\/uploads\/2023\/05\/hir_kis_kep_bemutatkoznak-az-ajax-professzionalis-biztonsagi-riasztorendszere-1.png\" alt=\"\" class=\"wp-image-192\" srcset=\"https:\/\/digitalsensor.hu\/wp-content\/uploads\/2023\/05\/hir_kis_kep_bemutatkoznak-az-ajax-professzionalis-biztonsagi-riasztorendszere-1.png 390w, https:\/\/digitalsensor.hu\/wp-content\/uploads\/2023\/05\/hir_kis_kep_bemutatkoznak-az-ajax-professzionalis-biztonsagi-riasztorendszere-1-300x160.png 300w\" sizes=\"auto, (max-width: 390px) 100vw, 390px\" \/><\/figure>\n\n\n\nAz Ajax Hub egy vezet\u00e9k n\u00e9lk\u00fcli biztons\u00e1gi rendszer k\u00f6zponti egys\u00e9ge, amely minden egyes Ajax k\u00e9sz\u00fcl\u00e9ket \u00f6sszek\u00f6t egym\u00e1ssal. Ez a rendszer lehet\u0151v\u00e9 teszi az ingatlan tulajdonosai sz\u00e1m\u00e1ra, hogy a legmodernebb technol\u00f3gi\u00e1val biztos\u00edts\u00e1k otthonukat vagy v\u00e1llalkoz\u00e1sukat. Az Ajax Hub m\u0171k\u00f6d\u00e9se rendk\u00edv\u00fcl egyszer\u0171 \u00e9s hat\u00e9kony. A rendszer minden egyes k\u00e9sz\u00fcl\u00e9k\u00e9nek egyedi k\u00f3dja van, amelyeket a k\u00f6zponti egys\u00e9g r\u00f6gz\u00edt. Ha b\u00e1rmelyik k\u00e9sz\u00fcl\u00e9k \u00e9szleli a mozg\u00e1st, a bejut\u00e1st vagy m\u00e1s jelleg\u0171 probl\u00e9m\u00e1t, azonnal \u00e9rtes\u00edt\u00e9st k\u00fcld a tulajdonosnak az Ajax alkalmaz\u00e1s\u00e1n kereszt\u00fcl. Az Ajax Hubnak sz\u00e1mos el\u0151nye van, amelyekre az \u00fcgyfeleknek \u00e9rdemes odafigyelni\u00fck. Az egyik legfontosabb el\u0151nye az, hogy vezet\u00e9k n\u00e9lk\u00fcli rendszerk\u00e9nt m\u0171k\u00f6dik, ami azt jelenti, hogy nem sz\u00fcks\u00e9ges bonyolult vezet\u00e9keket telep\u00edteni. Ezen k\u00edv\u00fcl, a rendszer lehet\u0151v\u00e9 teszi az alkalmaz\u00e1sb\u00f3l t\u00f6rt\u00e9n\u0151 t\u00e1voli hozz\u00e1f\u00e9r\u00e9st, amely lehet\u0151v\u00e9 teszi a tulajdonosok sz\u00e1m\u00e1ra, hogy azonnal \u00e9rtes\u00fcljenek minden egyes jelz\u00e9sr\u0151l, amelyet az Ajax k\u00e9sz\u00fcl\u00e9kek \u00e9szlelnek. Az Ajax Hub sz\u00e1mos felhaszn\u00e1l\u00e1si esetre alkalmazhat\u00f3. Az ingatlan tulajdonosok biztos\u00edthatj\u00e1k otthonukat vagy v\u00e1llalkoz\u00e1sukat a legjobb m\u00f3don. A rendszer alkalmas irod\u00e1k, \u00fczletek, rakt\u00e1rak, parkol\u00f3k \u00e9s m\u00e1s ingatlanok v\u00e9delm\u00e9re is. Az Ajax Hub rendszer\u00e9nek telep\u00edt\u00e9se nem ig\u00e9nyel szak\u00e9rtelmet, \u00edgy b\u00e1rki k\u00f6nnyed\u00e9n telep\u00edtheti \u00e9s haszn\u00e1lhatja. V\u00e9gs\u0151 soron, az Ajax Hub egy kiv\u00e1l\u00f3 vezet\u00e9k n\u00e9lk\u00fcli biztons\u00e1gi rendszer, amelyet b\u00e1rmilyen t\u00edpus\u00fa ingatlan v\u00e9delm\u00e9re lehet haszn\u00e1lni. A rendszer hat\u00e9kony \u00e9s megb\u00edzhat\u00f3 m\u0171k\u00f6d\u00e9se, valamint az alkalmaz\u00e1sb\u00f3l t\u00f6rt\u00e9n\u0151 t\u00e1voli hozz\u00e1f\u00e9r\u00e9s lehet\u0151s\u00e9ge miatt az Ajax Hub egy igaz\u00e1n kiv\u00e1l\u00f3 v\u00e1laszt\u00e1s a biztons\u00e1gi rendszerek piac\u00e1n.\n","protected":false},"excerpt":{"rendered":"<p>A DSC riaszt\u00f3 rendszer az egyik legjobb v\u00e1laszt\u00e1s a biztons\u00e1gi ig\u00e9nyek kiel\u00e9g\u00edt\u00e9s\u00e9re. A rendszer kiv\u00e1l\u00f3 min\u0151s\u00e9g\u0171 technol\u00f3gi\u00e1t haszn\u00e1l, amely biztos\u00edtja, hogy otthona mindig biztons\u00e1gban legyen. A DSC riaszt\u00f3 rendszer m\u0171k\u00f6d\u00e9se rendk\u00edv\u00fcl egyszer\u0171 \u00e9s hat\u00e9kony. A rendszer \u00e9rz\u00e9kel\u0151i \u00e9rz\u00e9kelik a mozg\u00e1st, &hellip; <a href=\"https:\/\/digitalsensor.hu\/index.php\/riasztorendszerek\/\">Egy kattint\u00e1s ide a folytat\u00e1shoz&#8230;. <span class=\"meta-nav\">&rarr;<\/span><\/a><\/p>\n","protected":false},"author":1,"featured_media":0,"parent":0,"menu_order":0,"comment_status":"closed","ping_status":"closed","template":"","meta":{"footnotes":""},"class_list":["post-101","page","type-page","status-publish","hentry"],"_links":{"self":[{"href":"https:\/\/digitalsensor.hu\/index.php\/wp-json\/wp\/v2\/pages\/101","targetHints":{"allow":["GET"]}}],"collection":[{"href":"https:\/\/digitalsensor.hu\/index.php\/wp-json\/wp\/v2\/pages"}],"about":[{"href":"https:\/\/digitalsensor.hu\/index.php\/wp-json\/wp\/v2\/types\/page"}],"author":[{"embeddable":true,"href":"https:\/\/digitalsensor.hu\/index.php\/wp-json\/wp\/v2\/users\/1"}],"replies":[{"embeddable":true,"href":"https:\/\/digitalsensor.hu\/index.php\/wp-json\/wp\/v2\/comments?post=101"}],"version-history":[{"count":7,"href":"https:\/\/digitalsensor.hu\/index.php\/wp-json\/wp\/v2\/pages\/101\/revisions"}],"predecessor-version":[{"id":211,"href":"https:\/\/digitalsensor.hu\/index.php\/wp-json\/wp\/v2\/pages\/101\/revisions\/211"}],"wp:attachment":[{"href":"https:\/\/digitalsensor.hu\/index.php\/wp-json\/wp\/v2\/media?parent=101"}],"curies":[{"name":"wp","href":"https:\/\/api.w.org\/{rel}","templated":true}]}}