{"id":143,"date":"2022-08-27T15:31:31","date_gmt":"2022-08-27T15:31:31","guid":{"rendered":"https:\/\/digitalsensor.hu\/?page_id=143"},"modified":"2022-08-27T15:33:45","modified_gmt":"2022-08-27T15:33:45","slug":"kapcsolat","status":"publish","type":"page","link":"https:\/\/digitalsensor.hu\/index.php\/kapcsolat\/","title":{"rendered":"Kapcsolat"},"content":{"rendered":"\n<p>6400 J\u00e1noshalma, B\u00e1thori u. 27<\/p>\n\n\n\n<p><strong>H\u00edz Tibor<\/strong> +36\/709354616 <\/p>\n\n\n\n<p>info@digitalsensor.hu<\/p>\n","protected":false},"excerpt":{"rendered":"<p>6400 J\u00e1noshalma, B\u00e1thori u. 27 H\u00edz Tibor +36\/709354616 info@digitalsensor.hu<\/p>\n","protected":false},"author":1,"featured_media":0,"parent":0,"menu_order":0,"comment_status":"closed","ping_status":"closed","template":"","meta":{"footnotes":""},"class_list":["post-143","page","type-page","status-publish","hentry"],"_links":{"self":[{"href":"https:\/\/digitalsensor.hu\/index.php\/wp-json\/wp\/v2\/pages\/143","targetHints":{"allow":["GET"]}}],"collection":[{"href":"https:\/\/digitalsensor.hu\/index.php\/wp-json\/wp\/v2\/pages"}],"about":[{"href":"https:\/\/digitalsensor.hu\/index.php\/wp-json\/wp\/v2\/types\/page"}],"author":[{"embeddable":true,"href":"https:\/\/digitalsensor.hu\/index.php\/wp-json\/wp\/v2\/users\/1"}],"replies":[{"embeddable":true,"href":"https:\/\/digitalsensor.hu\/index.php\/wp-json\/wp\/v2\/comments?post=143"}],"version-history":[{"count":3,"href":"https:\/\/digitalsensor.hu\/index.php\/wp-json\/wp\/v2\/pages\/143\/revisions"}],"predecessor-version":[{"id":148,"href":"https:\/\/digitalsensor.hu\/index.php\/wp-json\/wp\/v2\/pages\/143\/revisions\/148"}],"wp:attachment":[{"href":"https:\/\/digitalsensor.hu\/index.php\/wp-json\/wp\/v2\/media?parent=143"}],"curies":[{"name":"wp","href":"https:\/\/api.w.org\/{rel}","templated":true}]}}