{"id":33,"date":"2022-08-27T12:27:31","date_gmt":"2022-08-27T12:27:31","guid":{"rendered":"https:\/\/digitalsensor.hu\/?page_id=33"},"modified":"2025-04-07T17:04:30","modified_gmt":"2025-04-07T16:04:30","slug":"kamerarendszerek","status":"publish","type":"page","link":"https:\/\/digitalsensor.hu\/index.php\/kamerarendszerek\/","title":{"rendered":"Kamerarendszerek"},"content":{"rendered":"\r\n<figure class=\"wp-block-image size-full\"><img loading=\"lazy\" decoding=\"async\" width=\"799\" height=\"248\" class=\"wp-image-118\" src=\"https:\/\/digitalsensor.hu\/wp-content\/uploads\/2022\/08\/Dahua_Technology_logo.svg_.png\" alt=\"\" srcset=\"https:\/\/digitalsensor.hu\/wp-content\/uploads\/2022\/08\/Dahua_Technology_logo.svg_.png 799w, https:\/\/digitalsensor.hu\/wp-content\/uploads\/2022\/08\/Dahua_Technology_logo.svg_-300x93.png 300w, https:\/\/digitalsensor.hu\/wp-content\/uploads\/2022\/08\/Dahua_Technology_logo.svg_-768x238.png 768w, https:\/\/digitalsensor.hu\/wp-content\/uploads\/2022\/08\/Dahua_Technology_logo.svg_-500x155.png 500w\" sizes=\"auto, (max-width: 799px) 100vw, 799px\" \/>\r\n<div style=\"width: 584px;\" class=\"wp-video\"><video class=\"wp-video-shortcode\" id=\"video-33-1\" width=\"584\" height=\"329\" autoplay preload=\"auto\" controls=\"controls\"><source type=\"video\/mp4\" src=\"https:\/\/digitalsensor.hu\/wp-content\/uploads\/2022\/08\/DSS-Pro-Comprehensive-and-Expandable-VMS.mp4?_=1\" \/><a href=\"https:\/\/digitalsensor.hu\/wp-content\/uploads\/2022\/08\/DSS-Pro-Comprehensive-and-Expandable-VMS.mp4\">https:\/\/digitalsensor.hu\/wp-content\/uploads\/2022\/08\/DSS-Pro-Comprehensive-and-Expandable-VMS.mp4<\/a><\/video><\/div>\r\n<\/figure>\r\n\r\n\r\n\r\n<p>\u00dcdv\u00f6z\u00f6lj\u00fck a Dahua kamera- \u00e9s riaszt\u00f3rendszer bemutat\u00e1s\u00e1ban! A Dahua c\u00e9g egy vezet\u0151 szerepl\u0151je az ipari biztons\u00e1gtechnikai megold\u00e1sok piac\u00e1n, \u00e9s a term\u00e9keik egyre n\u00e9pszer\u0171bbek a felhaszn\u00e1l\u00f3k k\u00f6r\u00e9ben. A Dahua kamera- \u00e9s riaszt\u00f3rendszer egy olyan komplex megold\u00e1s, amely lehet\u0151v\u00e9 teszi a felhaszn\u00e1l\u00f3k sz\u00e1m\u00e1ra, hogy teljes m\u00e9rt\u00e9kben ellen\u0151rz\u00e9s alatt tarts\u00e1k a k\u00f6rnyezet\u00fcket \u00e9s biztons\u00e1gosabb k\u00f6rnyezetet teremtsenek maguk \u00e9s m\u00e1sok sz\u00e1m\u00e1ra. A Dahua kamera- \u00e9s riaszt\u00f3rendszer m\u0171k\u00f6d\u00e9se rendk\u00edv\u00fcl egyszer\u0171. A rendszer kamer\u00e1i folyamatosan figyelik a k\u00f6rnyezet\u00fcket, \u00e9s riaszt\u00e1st k\u00fcldenek, ha valami nem megfelel\u0151 t\u00f6rt\u00e9nik. A riaszt\u00f3rendszer szint\u00e9n ellen\u0151rzi a k\u00f6rnyezetet \u00e9s riaszt\u00e1st k\u00fcld, ha sz\u00fcks\u00e9ges. A rendszer nagy el\u0151nye, hogy a felhaszn\u00e1l\u00f3k b\u00e1rmikor t\u00e1volr\u00f3l is ellen\u0151rizhetik a rendszert, \u00e9s a be\u00e9p\u00edtett okos funkci\u00f3k seg\u00edts\u00e9g\u00e9vel \u00e9rtes\u00edt\u00e9st kapnak, ha valami nem megfelel\u0151 t\u00f6rt\u00e9nik. A Dahua kamera- \u00e9s riaszt\u00f3rendszer sokf\u00e9le felhaszn\u00e1l\u00e1si lehet\u0151s\u00e9get k\u00edn\u00e1l. A rendszer nagyon hasznos lehet otthoni biztons\u00e1gi megold\u00e1sk\u00e9nt, valamint kereskedelmi \u00e9s ipari k\u00f6rnyezetben is. A Dahua kamer\u00e1k \u00e9s riaszt\u00f3k p\u00e9ld\u00e1ul seg\u00edthetnek az \u00fczleti \u00e9letben, hogy megfigyelj\u00e9k a v\u00e1s\u00e1rl\u00f3kat \u00e9s megakad\u00e1lyozz\u00e1k a lop\u00e1sokat, valamint a gy\u00e1rt\u00f3i k\u00f6rnyezetben, hogy fel\u00fcgyelj\u00e9k a dolgoz\u00f3kat \u00e9s az eszk\u00f6z\u00f6ket. A Dahua kamera- \u00e9s riaszt\u00f3rendszer nagy el\u0151nye, hogy k\u00e9pes a b\u0171n\u00f6z\u0151ket elriasztani, \u00e9s biztons\u00e1gosabb k\u00f6rnyezetet teremteni. \u00d6sszefoglalva, a Dahua kamera- \u00e9s riaszt\u00f3rendszer egy olyan innovat\u00edv biztons\u00e1gtechnikai megold\u00e1s, amely lehet\u0151v\u00e9 teszi a felhaszn\u00e1l\u00f3k sz\u00e1m\u00e1ra, hogy ellen\u0151rz\u00e9s alatt tarts\u00e1k a k\u00f6rnyezet\u00fcket \u00e9s biztons\u00e1gosabb k\u00f6rnyezetet teremtsenek maguk \u00e9s m\u00e1sok sz\u00e1m\u00e1ra. A Dahua rendszer nagyon egyszer\u0171en haszn\u00e1lhat\u00f3, \u00e9s sz\u00e1mos felhaszn\u00e1l\u00e1si lehet\u0151s\u00e9get k\u00edn\u00e1l az otthonokt\u00f3l a kereskedelmi \u00e9s ipari k\u00f6rnyezetekig.<\/p>\r\n\r\n\r\n\r\n<figure class=\"wp-block-video\">\r\n<figcaption class=\"wp-element-caption\"><strong><em><b>Dahua<\/b> intelligens keres\u00e9s<\/em><\/strong><\/figcaption>\r\n<\/figure>\r\n\r\n\r\n\r\n<figure class=\"wp-block-video\">\r\n<div style=\"width: 584px;\" class=\"wp-video\"><video class=\"wp-video-shortcode\" id=\"video-33-2\" width=\"584\" height=\"329\" preload=\"metadata\" controls=\"controls\"><source type=\"video\/mp4\" src=\"https:\/\/digitalsensor.hu\/wp-content\/uploads\/2022\/08\/DSS-Pro-AI-Powered-VMS-Dahua.mp4?_=2\" \/><a href=\"https:\/\/digitalsensor.hu\/wp-content\/uploads\/2022\/08\/DSS-Pro-AI-Powered-VMS-Dahua.mp4\">https:\/\/digitalsensor.hu\/wp-content\/uploads\/2022\/08\/DSS-Pro-AI-Powered-VMS-Dahua.mp4<\/a><\/video><\/div>\r\n<br \/>\r\n<figcaption class=\"wp-element-caption\"><strong><em>Szem\u00e9ly vagy j\u00e1rm\u0171 felismer\u00e9s, k\u00f6vet\u00e9s.<\/em><\/strong><\/figcaption>\r\n<\/figure>\r\n","protected":false},"excerpt":{"rendered":"<p>\u00dcdv\u00f6z\u00f6lj\u00fck a Dahua kamera- \u00e9s riaszt\u00f3rendszer bemutat\u00e1s\u00e1ban! A Dahua c\u00e9g egy vezet\u0151 szerepl\u0151je az ipari biztons\u00e1gtechnikai megold\u00e1sok piac\u00e1n, \u00e9s a term\u00e9keik egyre n\u00e9pszer\u0171bbek a felhaszn\u00e1l\u00f3k k\u00f6r\u00e9ben. A Dahua kamera- \u00e9s riaszt\u00f3rendszer egy olyan komplex megold\u00e1s, amely lehet\u0151v\u00e9 teszi a felhaszn\u00e1l\u00f3k &hellip; <a href=\"https:\/\/digitalsensor.hu\/index.php\/kamerarendszerek\/\">Egy kattint\u00e1s ide a folytat\u00e1shoz&#8230;. <span class=\"meta-nav\">&rarr;<\/span><\/a><\/p>\n","protected":false},"author":1,"featured_media":0,"parent":0,"menu_order":0,"comment_status":"closed","ping_status":"closed","template":"","meta":{"footnotes":""},"class_list":["post-33","page","type-page","status-publish","hentry"],"_links":{"self":[{"href":"https:\/\/digitalsensor.hu\/index.php\/wp-json\/wp\/v2\/pages\/33","targetHints":{"allow":["GET"]}}],"collection":[{"href":"https:\/\/digitalsensor.hu\/index.php\/wp-json\/wp\/v2\/pages"}],"about":[{"href":"https:\/\/digitalsensor.hu\/index.php\/wp-json\/wp\/v2\/types\/page"}],"author":[{"embeddable":true,"href":"https:\/\/digitalsensor.hu\/index.php\/wp-json\/wp\/v2\/users\/1"}],"replies":[{"embeddable":true,"href":"https:\/\/digitalsensor.hu\/index.php\/wp-json\/wp\/v2\/comments?post=33"}],"version-history":[{"count":15,"href":"https:\/\/digitalsensor.hu\/index.php\/wp-json\/wp\/v2\/pages\/33\/revisions"}],"predecessor-version":[{"id":209,"href":"https:\/\/digitalsensor.hu\/index.php\/wp-json\/wp\/v2\/pages\/33\/revisions\/209"}],"wp:attachment":[{"href":"https:\/\/digitalsensor.hu\/index.php\/wp-json\/wp\/v2\/media?parent=33"}],"curies":[{"name":"wp","href":"https:\/\/api.w.org\/{rel}","templated":true}]}}