{"id":36,"date":"2022-08-27T12:27:32","date_gmt":"2022-08-27T12:27:32","guid":{"rendered":"https:\/\/digitalsensor.hu\/?page_id=36"},"modified":"2024-05-08T17:26:51","modified_gmt":"2024-05-08T16:26:51","slug":"arajanlat","status":"publish","type":"page","link":"https:\/\/digitalsensor.hu\/","title":{"rendered":"\u00c1raj\u00e1nlat"},"content":{"rendered":"\n<figure class=\"wp-block-image size-full\"><img loading=\"lazy\" decoding=\"async\" width=\"940\" height=\"788\" src=\"https:\/\/digitalsensor.hu\/wp-content\/uploads\/2024\/05\/\ud83d\udcf8\ud83c\udfe0-Figyelje-otthonat-Dahua-kamerainkkal.png\" alt=\"\" class=\"wp-image-222\" srcset=\"https:\/\/digitalsensor.hu\/wp-content\/uploads\/2024\/05\/\ud83d\udcf8\ud83c\udfe0-Figyelje-otthonat-Dahua-kamerainkkal.png 940w, https:\/\/digitalsensor.hu\/wp-content\/uploads\/2024\/05\/\ud83d\udcf8\ud83c\udfe0-Figyelje-otthonat-Dahua-kamerainkkal-300x251.png 300w, https:\/\/digitalsensor.hu\/wp-content\/uploads\/2024\/05\/\ud83d\udcf8\ud83c\udfe0-Figyelje-otthonat-Dahua-kamerainkkal-768x644.png 768w, https:\/\/digitalsensor.hu\/wp-content\/uploads\/2024\/05\/\ud83d\udcf8\ud83c\udfe0-Figyelje-otthonat-Dahua-kamerainkkal-358x300.png 358w\" sizes=\"auto, (max-width: 940px) 100vw, 940px\" \/><\/figure>\n\n\n\n<h2 class=\"wp-block-heading\">Hogyan szereltethet vel\u00fcnk?<\/h2>\n\n\n\n<p><strong>Vegye fel vel\u00fcnk a kapcsolatot:<\/strong><a href=\"mailto:info@digitalsensor.hu\"> <\/a><a href=\"mailto:info@digitalsensor.hu\">Kapcsolat<\/a><\/p>\n\n\n\n<ul class=\"wp-block-list\">\n<li>h\u00edvja a <strong>06-70\/9354616 t<\/strong>elefonsz\u00e1mot vagy&nbsp;<\/li>\n\n\n\n<li>\u00edrjon az <a href=\"mailto:info@digitalsensor.hu\">info@digitalsensor.hu<\/a> e-mail c\u00edmre\u00a0<\/li>\n<\/ul>\n\n\n\n<figure class=\"wp-block-image size-full\"><img loading=\"lazy\" decoding=\"async\" width=\"940\" height=\"788\" src=\"https:\/\/digitalsensor.hu\/wp-content\/uploads\/2024\/05\/vezeteknelkuli-riaszto.png\" alt=\"\" class=\"wp-image-223\" srcset=\"https:\/\/digitalsensor.hu\/wp-content\/uploads\/2024\/05\/vezeteknelkuli-riaszto.png 940w, https:\/\/digitalsensor.hu\/wp-content\/uploads\/2024\/05\/vezeteknelkuli-riaszto-300x251.png 300w, https:\/\/digitalsensor.hu\/wp-content\/uploads\/2024\/05\/vezeteknelkuli-riaszto-768x644.png 768w, https:\/\/digitalsensor.hu\/wp-content\/uploads\/2024\/05\/vezeteknelkuli-riaszto-358x300.png 358w\" sizes=\"auto, (max-width: 940px) 100vw, 940px\" \/><\/figure>\n\n\n\n<p><strong>A megrendel\u00e9st\u0151l a kivitelez\u00e9sig:&nbsp;<\/strong><\/p>\n\n\n\n<ul class=\"wp-block-list\">\n<li>El\u0151zetes (telefon, e-mail) ig\u00e9nymegjel\u00f6l\u00e9s ut\u00e1n felv\u00e1zoljuk a lehets\u00e9ges megold\u00e1sokat.&nbsp;<\/li>\n\n\n\n<li>Elk\u00e9pzel\u00e9sei alapj\u00e1n, az objektum helysz\u00edni bej\u00e1r\u00e1sa sor\u00e1n ismertetj\u00fck a gyakorlati lehet\u0151s\u00e9geket. (Riaszt\u00f3rendszer r\u00e9szegys\u00e9geinek elhelyez\u00e9se: \u00e9rz\u00e9kel\u0151k, szir\u00e9na, kezel\u0151k, t\u00e1vvez\u00e9rl\u0151k, vezet\u00e9kez\u00e9s stb.) (Ezek felm\u00e9r\u00e9se d\u00edjmentes, k\u00f6telezetts\u00e9g n\u00e9lk\u00fcli.)<\/li>\n\n\n\n<li>Ennek megfelel\u0151en k\u00e9sz\u00edtj\u00fck el az \u00e1raj\u00e1nlatot.&nbsp;<\/li>\n<\/ul>\n\n\n\n<p><strong>\u00cdr\u00e1sos vagy telefonon t\u00f6rt\u00e9n\u0151 megrendel\u00e9s eset\u00e9n:<\/strong><\/p>\n\n\n\n<p>Id\u0151pont egyeztet\u00e9st k\u00f6vet\u0151en, koll\u00e9g\u00e1ink megkezdik a rendszer telep\u00edt\u00e9s\u00e9t.&nbsp;<\/p>\n\n\n\n<p>Leterhelts\u00e9g\u00fcnk f\u00fcggv\u00e9ny\u00e9ben, \u00e1tlag 14 napon bel\u00fcli munkakezd\u00e9ssel lehet sz\u00e1molni.&nbsp;<\/p>\n\n\n\n<p>Sikeres telep\u00edt\u00e9s \u00e9s programoz\u00e1st k\u00f6vet\u0151en, ig\u00e9ny szerint t\u00e1vfel\u00fcgyeleti szolg\u00e1ltat\u00f3hoz csatlakoztatjuk a rendszert, ahol a nap 24 \u00f3r\u00e1j\u00e1ban vigy\u00e1znak \u00d6nre \u00e9s \u00e9rt\u00e9keire.<\/p>\n\n\n\n<p>A felhaszn\u00e1l\u00f3i k\u00e9zik\u00f6nyv pontjainak megfelel\u0151en, betan\u00edtjuk a felhaszn\u00e1l\u00f3t a rendszer haszn\u00e1lat\u00e1ra.<\/p>\n\n\n\n<p>V\u00e9g\u00fcl a munka sikeres befejez\u00e9se ut\u00e1n, valamint a m\u0171szaki \u00e1tad\u00e1st\/\u00e1tv\u00e9telt k\u00f6vet\u0151en \u00e1ll\u00edtjuk ki a sz\u00e1ml\u00e1t.<\/p>\n\n\n\n<figure class=\"wp-block-image size-large\"><img loading=\"lazy\" decoding=\"async\" width=\"1024\" height=\"576\" src=\"https:\/\/digitalsensor.hu\/wp-content\/uploads\/2023\/10\/ajaxWebsite-1024x576.png\" alt=\"\" class=\"wp-image-218\" srcset=\"https:\/\/digitalsensor.hu\/wp-content\/uploads\/2023\/10\/ajaxWebsite-1024x576.png 1024w, https:\/\/digitalsensor.hu\/wp-content\/uploads\/2023\/10\/ajaxWebsite-300x169.png 300w, https:\/\/digitalsensor.hu\/wp-content\/uploads\/2023\/10\/ajaxWebsite-768x432.png 768w, https:\/\/digitalsensor.hu\/wp-content\/uploads\/2023\/10\/ajaxWebsite-500x281.png 500w, https:\/\/digitalsensor.hu\/wp-content\/uploads\/2023\/10\/ajaxWebsite.png 1366w\" sizes=\"auto, (max-width: 1024px) 100vw, 1024px\" \/><\/figure>\n\n\n\n<div class=\"wp-block-buttons is-layout-flex wp-block-buttons-is-layout-flex\">\n<div class=\"wp-block-button\"><a class=\"wp-block-button__link wp-element-button\" href=\"mailto:info@digitalsensor.hu\">\u00c1raj\u00e1nlat k\u00e9r\u00e9s<\/a><\/div>\n<\/div>\n\n\n\n<div class=\"wp-block-file\"><a id=\"wp-block-file--media-242d53fd-c782-4b19-aee0-7a5965a6add1\" href=\"https:\/\/digitalsensor.hu\/index.php\/arajanlat\/riasztorendszer\/\" target=\"_blank\" rel=\"noreferrer noopener\">Riasztorendszer<\/a><a href=\"https:\/\/digitalsensor.hu\/wp-content\/uploads\/2022\/08\/Riasztorendszer.docx\" class=\"wp-block-file__button wp-element-button\" download aria-describedby=\"wp-block-file--media-242d53fd-c782-4b19-aee0-7a5965a6add1\">Let\u00f6lt\u00e9s<\/a><\/div>\n","protected":false},"excerpt":{"rendered":"<p>Hogyan szereltethet vel\u00fcnk? Vegye fel vel\u00fcnk a kapcsolatot: Kapcsolat A megrendel\u00e9st\u0151l a kivitelez\u00e9sig:&nbsp; \u00cdr\u00e1sos vagy telefonon t\u00f6rt\u00e9n\u0151 megrendel\u00e9s eset\u00e9n: Id\u0151pont egyeztet\u00e9st k\u00f6vet\u0151en, koll\u00e9g\u00e1ink megkezdik a rendszer telep\u00edt\u00e9s\u00e9t.&nbsp; Leterhelts\u00e9g\u00fcnk f\u00fcggv\u00e9ny\u00e9ben, \u00e1tlag 14 napon bel\u00fcli munkakezd\u00e9ssel lehet sz\u00e1molni.&nbsp; Sikeres telep\u00edt\u00e9s \u00e9s programoz\u00e1st &hellip; <a href=\"https:\/\/digitalsensor.hu\/\">Egy kattint\u00e1s ide a folytat\u00e1shoz&#8230;. <span class=\"meta-nav\">&rarr;<\/span><\/a><\/p>\n","protected":false},"author":1,"featured_media":0,"parent":0,"menu_order":0,"comment_status":"closed","ping_status":"closed","template":"","meta":{"footnotes":""},"class_list":["post-36","page","type-page","status-publish","hentry"],"_links":{"self":[{"href":"https:\/\/digitalsensor.hu\/index.php\/wp-json\/wp\/v2\/pages\/36","targetHints":{"allow":["GET"]}}],"collection":[{"href":"https:\/\/digitalsensor.hu\/index.php\/wp-json\/wp\/v2\/pages"}],"about":[{"href":"https:\/\/digitalsensor.hu\/index.php\/wp-json\/wp\/v2\/types\/page"}],"author":[{"embeddable":true,"href":"https:\/\/digitalsensor.hu\/index.php\/wp-json\/wp\/v2\/users\/1"}],"replies":[{"embeddable":true,"href":"https:\/\/digitalsensor.hu\/index.php\/wp-json\/wp\/v2\/comments?post=36"}],"version-history":[{"count":20,"href":"https:\/\/digitalsensor.hu\/index.php\/wp-json\/wp\/v2\/pages\/36\/revisions"}],"predecessor-version":[{"id":230,"href":"https:\/\/digitalsensor.hu\/index.php\/wp-json\/wp\/v2\/pages\/36\/revisions\/230"}],"wp:attachment":[{"href":"https:\/\/digitalsensor.hu\/index.php\/wp-json\/wp\/v2\/media?parent=36"}],"curies":[{"name":"wp","href":"https:\/\/api.w.org\/{rel}","templated":true}]}}